{"id":707,"date":"2026-03-25T10:03:02","date_gmt":"2026-03-25T09:03:02","guid":{"rendered":"http:\/\/acclaro.fr\/?page_id=707"},"modified":"2026-03-25T15:40:24","modified_gmt":"2026-03-25T14:40:24","slug":"une-approche-singuliere","status":"publish","type":"page","link":"http:\/\/acclaro.fr\/?page_id=707","title":{"rendered":"UNE APPROHE SINGULIERE"},"content":{"rendered":"\n<div class=\"wp-block-cover\"><img loading=\"lazy\" decoding=\"async\" width=\"1024\" height=\"184\" class=\"wp-block-cover__image-background wp-image-847 size-large\" alt=\"\" src=\"http:\/\/acclaro.fr\/wp-content\/uploads\/2026\/03\/IMAGE-4-1024x184.png\" data-object-fit=\"cover\" srcset=\"http:\/\/acclaro.fr\/wp-content\/uploads\/2026\/03\/IMAGE-4-1024x184.png 1024w, http:\/\/acclaro.fr\/wp-content\/uploads\/2026\/03\/IMAGE-4-300x54.png 300w, http:\/\/acclaro.fr\/wp-content\/uploads\/2026\/03\/IMAGE-4-768x138.png 768w, http:\/\/acclaro.fr\/wp-content\/uploads\/2026\/03\/IMAGE-4-1536x276.png 1536w, http:\/\/acclaro.fr\/wp-content\/uploads\/2026\/03\/IMAGE-4.png 1890w\" sizes=\"auto, (max-width: 1024px) 100vw, 1024px\" \/><span aria-hidden=\"true\" class=\"wp-block-cover__background has-background-dim\" style=\"background-color:#2d5376\"><\/span><div class=\"wp-block-cover__inner-container is-layout-constrained wp-block-cover-is-layout-constrained\">\n<p class=\"has-text-align-center has-ast-global-color-4-color has-text-color has-link-color wp-elements-bb10145316b0e27496db4883ee052269\" style=\"font-size:44px\">La performance industrielle ne s&rsquo;improvise pas. <\/p>\n\n\n\n<p class=\"has-text-align-center has-ast-global-color-4-color has-text-color has-link-color wp-elements-301cb9bfebaf0cc98809573e148f521a\" style=\"font-size:44px\">Elle se con\u00e7oit, se concr\u00e9tise et se ma\u00eetrise<\/p>\n<\/div><\/div>\n\n\n\n<p style=\"font-size:26px\">Dans la plupart des projets industriels,<br>la performance ne se perd pas sur la technique.<\/p>\n\n\n\n<p style=\"font-size:26px\">Elle se perd dans les choix.<\/p>\n\n\n\n<p style=\"font-size:26px\">Elle se perd parce que les sujets structurants<br>ne sont pas trait\u00e9s au bon moment.<br>Ni au bon niveau.<\/p>\n\n\n\n<p style=\"font-size:26px\">\u00c0 chaque phase de vie d\u2019un syst\u00e8me industriel,<br>les leviers de performance changent.<\/p>\n\n\n\n<p style=\"font-size:26px\">Savoir identifier et agir,<br>au bon moment,<br>fait la diff\u00e9rence.<\/p>\n\n\n\n<div class=\"wp-block-columns is-layout-flex wp-container-core-columns-is-layout-28f84493 wp-block-columns-is-layout-flex\">\n<div class=\"wp-block-column is-layout-flow wp-block-column-is-layout-flow\">\n<div class=\"wp-block-columns is-layout-flex wp-container-core-columns-is-layout-28f84493 wp-block-columns-is-layout-flex\">\n<div class=\"wp-block-column is-layout-flow wp-block-column-is-layout-flow\">\n<h2 class=\"wp-block-heading\" style=\"font-size:40px\">+80 projets d&rsquo;ing\u00e9nierie, de la start-up aux grands groupes &#8211; un constat terrain :<\/h2>\n<\/div>\n<\/div>\n<\/div>\n<\/div>\n\n\n\n<p style=\"font-size:26px\">Dans un projet industriel, on observe souvent les m\u00eames d\u00e9rives :<\/p>\n\n\n\n<ul class=\"wp-block-list\">\n<li style=\"font-size:26px\">On lance la conception alors que tout n\u2019est pas compl\u00e8tement d\u00e9fini,<\/li>\n\n\n\n<li style=\"font-size:26px\">On identifie des crit\u00e8res structurants \u00e0 post\u00e9riori,<\/li>\n\n\n\n<li style=\"font-size:26px\">Les sujets techniques, humains, organisationnels et \u00e9conomiques avancent en parall\u00e8le, mais pas toujours dans la m\u00eame direction,<\/li>\n\n\n\n<li style=\"font-size:26px\">Les contraintes op\u00e9rationnnelles ne sont pas comprises,<\/li>\n\n\n\n<li style=\"font-size:26px\">Les experts s&rsquo;engagent sur leur p\u00e9rim\u00e8tre technique, donc pas d&rsquo;obligation de comprendre les enjeux macros.<\/li>\n<\/ul>\n\n\n\n<p style=\"font-size:26px\">Au d\u00e9but, ce n\u2019est pas forc\u00e9ment visible. Puis, au fil du projet :<\/p>\n\n\n\n<ul class=\"wp-block-list\">\n<li style=\"font-size:26px\">Des ajustements apparaissent,<\/li>\n\n\n\n<li style=\"font-size:26px\">Certains choix sont remis en question,<\/li>\n\n\n\n<li style=\"font-size:26px\">Des \u00e9carts se cr\u00e9ent entre ce qui \u00e9tait pr\u00e9vu et ce qui fonctionne r\u00e9ellement,<\/li>\n\n\n\n<li style=\"font-size:26px\">On livre parfois des installations industrielles qui ne r\u00e9pondent pas aux enjeux strat\u00e9giques&#8230; parfois sans m\u00eame le savoir.<\/li>\n<\/ul>\n\n\n\n<p style=\"font-size:26px\">Ce n\u2019est pas li\u00e9 \u00e0 un manque de comp\u00e9tence. C\u2019est souvent li\u00e9 \u00e0 la mani\u00e8re dont le projet a \u00e9t\u00e9 structur\u00e9 et \u00e0 la posture face \u00e0 la performance industrielle.<\/p>\n\n\n\n<h2 class=\"wp-block-heading\" style=\"font-size:40px\">Les enjeux de la performance le long d&rsquo;un cycle industriel exigeant<\/h2>\n\n\n\n<p style=\"font-size:26px\">La performance industrielle est une propri\u00e9t\u00e9 \u00e9mergente d&rsquo;un syst\u00e8me industriel vivant au fil d&rsquo;un cycle. Chaque \u00e9tape de ce cycle n&rsquo;aura pas les m\u00eames effets.<\/p>\n\n\n\n<figure class=\"wp-block-image aligncenter size-large is-resized\"><img loading=\"lazy\" decoding=\"async\" width=\"1024\" height=\"358\" src=\"http:\/\/acclaro.fr\/wp-content\/uploads\/2026\/03\/GRAPHE-CYCLE-PERFORMANCE-4-1024x358.png\" alt=\"\" class=\"wp-image-793\" style=\"width:1248px;height:auto\" srcset=\"http:\/\/acclaro.fr\/wp-content\/uploads\/2026\/03\/GRAPHE-CYCLE-PERFORMANCE-4-1024x358.png 1024w, http:\/\/acclaro.fr\/wp-content\/uploads\/2026\/03\/GRAPHE-CYCLE-PERFORMANCE-4-300x105.png 300w, http:\/\/acclaro.fr\/wp-content\/uploads\/2026\/03\/GRAPHE-CYCLE-PERFORMANCE-4-768x269.png 768w, http:\/\/acclaro.fr\/wp-content\/uploads\/2026\/03\/GRAPHE-CYCLE-PERFORMANCE-4.png 1512w\" sizes=\"auto, (max-width: 1024px) 100vw, 1024px\" \/><\/figure>\n\n\n\n<p class=\"has-text-align-center\" style=\"font-size:26px\">Au stade de la d\u00e9fnition strat\u00e9gique : capter jusqu&rsquo;\u00e0 80 % de la performance<\/p>\n\n\n\n<p class=\"has-text-align-center\" style=\"font-size:26px\">Au stade de l&rsquo;ing\u00e9nierie : la qualit\u00e9 de la mise en oeuvre, ne d\u00e9grade pas le mod\u00e8le strat\u00e9gique<\/p>\n\n\n\n<p class=\"has-text-align-center\" style=\"font-size:26px\">Au stade de l&rsquo;exploitation : P\u00e9renniser, voire am\u00e9liorer \u00e0 la marge la performance<\/p>\n\n\n\n<div class=\"wp-block-columns is-layout-flex wp-container-core-columns-is-layout-28f84493 wp-block-columns-is-layout-flex\">\n<div class=\"wp-block-column is-layout-flow wp-block-column-is-layout-flow\">\n<h2 class=\"wp-block-heading\" style=\"font-size:40px\">Une approche qui fait la diff\u00e9rence<\/h2>\n<\/div>\n<\/div>\n\n\n\n<p style=\"font-size:26px\">Nous ne traitons pas un projet industriel seulement comme un simple projet. Nous le traitons comme un syst\u00e8me de performance et cela change tout. <\/p>\n\n\n\n<p style=\"font-size:26px\">Une ing\u00e9nierie centr\u00e9e uniquement sur le process am\u00e9liore une partie du syst\u00e8me. Nous travaillons sur l\u2019ensemble du cycle de performance, pour en capter davantage&#8230; et l\u2019amplifier dans le temps.  Concr\u00e8tement, cela repose sur exp\u00e9rience, des m\u00e9thodes de questionnement et deux dimensions indissociables :<\/p>\n\n\n\n<ul class=\"wp-block-list\">\n<li style=\"font-size:26px\">Une ma\u00eetrise de l\u2019ing\u00e9nierie industrielle<br>(process, flux, syst\u00e8mes de production)<\/li>\n\n\n\n<li style=\"font-size:26px\">Une capacit\u00e9 \u00e0 structurer la performance<br>(enjeux \u00e9conomiques, humains, organisationnels et strat\u00e9giques)<\/li>\n<\/ul>\n\n\n\n<p style=\"font-size:26px\">Cette double expertise qui nous permet de faire le lien entre strat\u00e9gie et terrain, technique et organisation, de faire gagner du temps sur le d\u00e9ploiement et de concevoir des syst\u00e8mes qui fonctionnent r\u00e9ellement. Notre m\u00e9thode de questionnement filtre, priorise et fait \u00e9merger les facteurs cl\u00e9s de succ\u00e8s.<\/p>\n\n\n\n<p style=\"font-size:26px\">La diff\u00e9rence, ce n\u2019est pas seulement de ma\u00eetriser l\u2019ing\u00e9nierie, mais de savoir o\u00f9 se joue r\u00e9ellement la performance, d\u2019y concentrer les efforts au bon niveau.<\/p>\n","protected":false},"excerpt":{"rendered":"<p>Dans la plupart des projets industriels,la performance ne se perd pas sur la technique. Elle se perd dans les choix. [&hellip;]<\/p>\n","protected":false},"author":1,"featured_media":0,"parent":0,"menu_order":0,"comment_status":"closed","ping_status":"closed","template":"","meta":{"site-sidebar-layout":"default","site-content-layout":"","ast-site-content-layout":"default","site-content-style":"default","site-sidebar-style":"default","ast-global-header-display":"","ast-banner-title-visibility":"","ast-main-header-display":"","ast-hfb-above-header-display":"","ast-hfb-below-header-display":"","ast-hfb-mobile-header-display":"","site-post-title":"disabled","ast-breadcrumbs-content":"","ast-featured-img":"","footer-sml-layout":"","ast-disable-related-posts":"","theme-transparent-header-meta":"","adv-header-id-meta":"","stick-header-meta":"","header-above-stick-meta":"","header-main-stick-meta":"","header-below-stick-meta":"","astra-migrate-meta-layouts":"default","ast-page-background-enabled":"default","ast-page-background-meta":{"desktop":{"background-color":"var(--ast-global-color-5)","background-image":"","background-repeat":"repeat","background-position":"center center","background-size":"auto","background-attachment":"scroll","background-type":"","background-media":"","overlay-type":"","overlay-color":"","overlay-opacity":"","overlay-gradient":""},"tablet":{"background-color":"","background-image":"","background-repeat":"repeat","background-position":"center center","background-size":"auto","background-attachment":"scroll","background-type":"","background-media":"","overlay-type":"","overlay-color":"","overlay-opacity":"","overlay-gradient":""},"mobile":{"background-color":"","background-image":"","background-repeat":"repeat","background-position":"center center","background-size":"auto","background-attachment":"scroll","background-type":"","background-media":"","overlay-type":"","overlay-color":"","overlay-opacity":"","overlay-gradient":""}},"ast-content-background-meta":{"desktop":{"background-color":"var(--ast-global-color-4)","background-image":"","background-repeat":"repeat","background-position":"center center","background-size":"auto","background-attachment":"scroll","background-type":"","background-media":"","overlay-type":"","overlay-color":"","overlay-opacity":"","overlay-gradient":""},"tablet":{"background-color":"var(--ast-global-color-4)","background-image":"","background-repeat":"repeat","background-position":"center center","background-size":"auto","background-attachment":"scroll","background-type":"","background-media":"","overlay-type":"","overlay-color":"","overlay-opacity":"","overlay-gradient":""},"mobile":{"background-color":"var(--ast-global-color-4)","background-image":"","background-repeat":"repeat","background-position":"center center","background-size":"auto","background-attachment":"scroll","background-type":"","background-media":"","overlay-type":"","overlay-color":"","overlay-opacity":"","overlay-gradient":""}},"footnotes":""},"class_list":["post-707","page","type-page","status-publish","hentry"],"_links":{"self":[{"href":"http:\/\/acclaro.fr\/index.php?rest_route=\/wp\/v2\/pages\/707","targetHints":{"allow":["GET"]}}],"collection":[{"href":"http:\/\/acclaro.fr\/index.php?rest_route=\/wp\/v2\/pages"}],"about":[{"href":"http:\/\/acclaro.fr\/index.php?rest_route=\/wp\/v2\/types\/page"}],"author":[{"embeddable":true,"href":"http:\/\/acclaro.fr\/index.php?rest_route=\/wp\/v2\/users\/1"}],"replies":[{"embeddable":true,"href":"http:\/\/acclaro.fr\/index.php?rest_route=%2Fwp%2Fv2%2Fcomments&post=707"}],"version-history":[{"count":108,"href":"http:\/\/acclaro.fr\/index.php?rest_route=\/wp\/v2\/pages\/707\/revisions"}],"predecessor-version":[{"id":859,"href":"http:\/\/acclaro.fr\/index.php?rest_route=\/wp\/v2\/pages\/707\/revisions\/859"}],"wp:attachment":[{"href":"http:\/\/acclaro.fr\/index.php?rest_route=%2Fwp%2Fv2%2Fmedia&parent=707"}],"curies":[{"name":"wp","href":"https:\/\/api.w.org\/{rel}","templated":true}]}}